{"id":192,"date":"2023-05-22T22:55:21","date_gmt":"2023-05-22T20:55:21","guid":{"rendered":"https:\/\/portweglowy.wroc.pl\/?page_id=192"},"modified":"2023-08-02T21:22:58","modified_gmt":"2023-08-02T19:22:58","slug":"o-nas","status":"publish","type":"page","link":"https:\/\/portweglowy.wroc.pl\/index.php\/o-nas\/","title":{"rendered":"O NAS"},"content":{"rendered":"\t\t<div data-elementor-type=\"wp-page\" data-elementor-id=\"192\" class=\"elementor elementor-192\">\n\t\t\t\t\t\t<section class=\"elementor-section elementor-top-section elementor-element elementor-element-a6dfc9f elementor-section-boxed elementor-section-height-default elementor-section-height-default\" data-id=\"a6dfc9f\" data-element_type=\"section\">\n\t\t\t\t\t\t<div class=\"elementor-container elementor-column-gap-default\">\n\t\t\t\t\t<div class=\"elementor-column elementor-col-100 elementor-top-column elementor-element elementor-element-adeaebf\" data-id=\"adeaebf\" data-element_type=\"column\">\n\t\t\t<div class=\"elementor-widget-wrap elementor-element-populated\">\n\t\t\t\t\t\t<div class=\"elementor-element elementor-element-0361527 elementor-widget elementor-widget-text-editor\" data-id=\"0361527\" data-element_type=\"widget\" data-widget_type=\"text-editor.default\">\n\t\t\t\t<div class=\"elementor-widget-container\">\n\t\t\t\t\t\t\t\t\t<p>Port W\u0119glowy Beach Bar \u2013 miejska pla\u017ca, miejsce, w kt\u00f3rym mo\u017cesz delektowa\u0107 si\u0119 letnim s\u0142o\u0144cem przy brzegu rzeki. Po\u0142o\u017cony przy uj\u015bciu rzeki Odra i O\u0142awa. Powsta\u0142 z mi\u0142o\u015bci do muzyki i dobrego jedzenia. Jest to miejsce integracji dla lokalnej spo\u0142eczno\u015bci, lokalnych tw\u00f3rc\u00f3w oraz artyst\u00f3w. Celem naszego projektu jest stworzenie przestrzeni kulturalno-spo\u0142ecznej, kt\u00f3ra b\u0119dzie \u017cywym centrum wydarze\u0144 i warsztat\u00f3w. Zapraszamy r\u00f3wnie\u017c na akustyczne koncerty, Silent Disco, kino plenerowe,jog\u0119, zumb\u0119, warsztaty dla dzieci. W naszym beach barze mamy &#8222;Ogr\u00f3d Edukacyjny&#8221; miejsce, w kt\u00f3rym b\u0119dziecie mogli odpocz\u0105\u0107. Tutaj wsp\u00f3lnie posadzimy warzywa, zio\u0142a i kwiaty. Naszym celem jest edukowa\u0107 dzieci, a tak\u017ce doros\u0142ych jak dba\u0107 i piel\u0119gnowa\u0107 uprawy ro\u015blin. Port W\u0119glowy Beach Bar to nie przypadkowa nazwa, to miejsce ma swoj\u0105 histori\u0119!\u00a0<\/p>\t\t\t\t\t\t\t\t<\/div>\n\t\t\t\t<\/div>\n\t\t\t\t\t<\/div>\n\t\t<\/div>\n\t\t\t\t\t<\/div>\n\t\t<\/section>\n\t\t\t\t<section class=\"elementor-section elementor-top-section elementor-element elementor-element-64c5910 elementor-section-boxed elementor-section-height-default elementor-section-height-default\" data-id=\"64c5910\" data-element_type=\"section\">\n\t\t\t\t\t\t<div class=\"elementor-container elementor-column-gap-default\">\n\t\t\t\t\t<div class=\"elementor-column elementor-col-100 elementor-top-column elementor-element elementor-element-a091b79\" data-id=\"a091b79\" data-element_type=\"column\">\n\t\t\t<div class=\"elementor-widget-wrap elementor-element-populated\">\n\t\t\t\t\t\t<div class=\"elementor-element elementor-element-0075d57 elementor-widget elementor-widget-heading\" data-id=\"0075d57\" data-element_type=\"widget\" data-widget_type=\"heading.default\">\n\t\t\t\t<div class=\"elementor-widget-container\">\n\t\t\t\t\t<h2 class=\"elementor-heading-title elementor-size-default\">SPRAWD\u0179 ZAK\u0141ADK\u0118 HISTORIA<\/h2>\t\t\t\t<\/div>\n\t\t\t\t<\/div>\n\t\t\t\t\t<\/div>\n\t\t<\/div>\n\t\t\t\t\t<\/div>\n\t\t<\/section>\n\t\t\t\t<section class=\"elementor-section elementor-top-section elementor-element elementor-element-cda151a elementor-section-boxed elementor-section-height-default elementor-section-height-default\" data-id=\"cda151a\" data-element_type=\"section\">\n\t\t\t\t\t\t<div class=\"elementor-container elementor-column-gap-default\">\n\t\t\t\t\t<div class=\"elementor-column elementor-col-100 elementor-top-column elementor-element elementor-element-9e987ea\" data-id=\"9e987ea\" data-element_type=\"column\">\n\t\t\t<div class=\"elementor-widget-wrap elementor-element-populated\">\n\t\t\t\t\t\t<div class=\"elementor-element elementor-element-1ba2c48 elementor-align-center elementor-widget elementor-widget-button\" data-id=\"1ba2c48\" data-element_type=\"widget\" data-widget_type=\"button.default\">\n\t\t\t\t<div class=\"elementor-widget-container\">\n\t\t\t\t\t\t\t\t\t<div class=\"elementor-button-wrapper\">\n\t\t\t\t\t<a class=\"elementor-button elementor-button-link elementor-size-sm\" href=\"https:\/\/portweglowy.wroc.pl\/index.php\/historia\/\">\n\t\t\t\t\t\t<span class=\"elementor-button-content-wrapper\">\n\t\t\t\t\t\t\t\t\t<span class=\"elementor-button-text\">HISTORIA<\/span>\n\t\t\t\t\t<\/span>\n\t\t\t\t\t<\/a>\n\t\t\t\t<\/div>\n\t\t\t\t\t\t\t\t<\/div>\n\t\t\t\t<\/div>\n\t\t\t\t<div class=\"elementor-element elementor-element-f558700 elementor-widget elementor-widget-heading\" data-id=\"f558700\" data-element_type=\"widget\" data-widget_type=\"heading.default\">\n\t\t\t\t<div class=\"elementor-widget-container\">\n\t\t\t\t\t<h2 class=\"elementor-heading-title elementor-size-default\">PRZECZYTAJ NASZ REGULAMIN<\/h2>\t\t\t\t<\/div>\n\t\t\t\t<\/div>\n\t\t\t\t<div class=\"elementor-element elementor-element-38c61b9 elementor-align-center elementor-widget elementor-widget-button\" data-id=\"38c61b9\" data-element_type=\"widget\" data-widget_type=\"button.default\">\n\t\t\t\t<div class=\"elementor-widget-container\">\n\t\t\t\t\t\t\t\t\t<div class=\"elementor-button-wrapper\">\n\t\t\t\t\t<a class=\"elementor-button elementor-button-link elementor-size-sm\" href=\"https:\/\/portweglowy.wroc.pl\/index.php\/regulamin\/\">\n\t\t\t\t\t\t<span class=\"elementor-button-content-wrapper\">\n\t\t\t\t\t\t\t\t\t<span class=\"elementor-button-text\">REGULAMIN <\/span>\n\t\t\t\t\t<\/span>\n\t\t\t\t\t<\/a>\n\t\t\t\t<\/div>\n\t\t\t\t\t\t\t\t<\/div>\n\t\t\t\t<\/div>\n\t\t\t\t\t<\/div>\n\t\t<\/div>\n\t\t\t\t\t<\/div>\n\t\t<\/section>\n\t\t\t\t<\/div>\n\t\t","protected":false},"excerpt":{"rendered":"<p>Port W\u0119glowy Beach Bar \u2013 miejska pla\u017ca, miejsce, w kt\u00f3rym mo\u017cesz delektowa\u0107 si\u0119 letnim s\u0142o\u0144cem przy brzegu rzeki. Po\u0142o\u017cony przy uj\u015bciu rzeki Odra i O\u0142awa. Powsta\u0142 z mi\u0142o\u015bci do muzyki i dobrego jedzenia. Jest to miejsce integracji dla lokalnej spo\u0142eczno\u015bci, lokalnych tw\u00f3rc\u00f3w oraz artyst\u00f3w. Celem naszego projektu jest stworzenie przestrzeni kulturalno-spo\u0142ecznej, kt\u00f3ra b\u0119dzie \u017cywym centrum [&hellip;]<\/p>\n","protected":false},"author":1,"featured_media":0,"parent":0,"menu_order":0,"comment_status":"closed","ping_status":"closed","template":"","meta":{"footnotes":""},"class_list":["post-192","page","type-page","status-publish","hentry"],"_links":{"self":[{"href":"https:\/\/portweglowy.wroc.pl\/index.php\/wp-json\/wp\/v2\/pages\/192","targetHints":{"allow":["GET"]}}],"collection":[{"href":"https:\/\/portweglowy.wroc.pl\/index.php\/wp-json\/wp\/v2\/pages"}],"about":[{"href":"https:\/\/portweglowy.wroc.pl\/index.php\/wp-json\/wp\/v2\/types\/page"}],"author":[{"embeddable":true,"href":"https:\/\/portweglowy.wroc.pl\/index.php\/wp-json\/wp\/v2\/users\/1"}],"replies":[{"embeddable":true,"href":"https:\/\/portweglowy.wroc.pl\/index.php\/wp-json\/wp\/v2\/comments?post=192"}],"version-history":[{"count":19,"href":"https:\/\/portweglowy.wroc.pl\/index.php\/wp-json\/wp\/v2\/pages\/192\/revisions"}],"predecessor-version":[{"id":885,"href":"https:\/\/portweglowy.wroc.pl\/index.php\/wp-json\/wp\/v2\/pages\/192\/revisions\/885"}],"wp:attachment":[{"href":"https:\/\/portweglowy.wroc.pl\/index.php\/wp-json\/wp\/v2\/media?parent=192"}],"curies":[{"name":"wp","href":"https:\/\/api.w.org\/{rel}","templated":true}]}}