{"id":875,"date":"2023-08-02T21:14:20","date_gmt":"2023-08-02T19:14:20","guid":{"rendered":"https:\/\/portweglowy.wroc.pl\/?page_id=875"},"modified":"2023-08-09T21:05:53","modified_gmt":"2023-08-09T19:05:53","slug":"regulamin","status":"publish","type":"page","link":"https:\/\/portweglowy.wroc.pl\/index.php\/regulamin\/","title":{"rendered":"REGULAMIN"},"content":{"rendered":"\n<p>Regulamin Obiektu<br>Beach Bar \u201ePort W\u0119glowy\u201d<\/p>\n\n\n\n<p>Teren Beach Bar Port W\u0119glowy, zwany dalej \u201eBeach Barem\u201d jest w\u0142asno\u015bci\u0105 miasta Wroc\u0142aw zarz\u0105dzanym przez Wroc\u0142awski Park Wodny SA z siedzib\u0105 przy ul. Borowskiej 99 zwany dalej \u201eAdministratorem\u201d.<br>Wst\u0119p na teren obiektu oznacza, \u017ce u\u017cytkownik zapozna\u0142 si\u0119 z regulaminem<br>i zobowi\u0105zuje si\u0119 do przestrzegania tego regulaminu oraz wszelkich innych regulamin\u00f3w, opis\u00f3w stanowisk, zarz\u0105dze\u0144 itp., wydanych w celu zapewnienia bezpiecze\u0144stwa na terenie Beach Baru.<br>Wszystkie elementy terenu dost\u0119pne s\u0105 wy\u0142\u0105cznie w czasie godzin otwarcia Beach Baru.<br>Teren Beach Baru jest og\u00f3lnodost\u0119pny, a osoby na nim przebywaj\u0105ce s\u0105 zobligowane do zachowywania si\u0119 w spos\u00f3b niezagra\u017caj\u0105cy bezpiecze\u0144stwu innych os\u00f3b jak i pracownik\u00f3w Beach Baru.<br>U\u017cytkownicy Beach Baru korzystaj\u0105 z niego na w\u0142asn\u0105 odpowiedzialno\u015b\u0107 lub, w przypadku os\u00f3b nieletnich, na odpowiedzialno\u015b\u0107 opiekun\u00f3w prawnych i odpowiadaj\u0105 oni za wyrz\u0105dzone szkody.<br>Osoby niepe\u0142noletnie mog\u0105 korzysta\u0107 z terenu Beach Baru tylko pod opiek\u0105 os\u00f3b doros\u0142ych.<br>Umieszczanie reklam na terenie rekreacyjnym mo\u017ce odbywa\u0107 si\u0119 wy\u0142\u0105cznie za zgod\u0105 Administratora.<br>Na terenie rekreacyjnym obowi\u0105zuje w szczeg\u00f3lno\u015bci zakaz:<\/p>\n\n\n\n<ul class=\"wp-block-list\">\n<li>k\u0105pieli w otaczaj\u0105cej teren Beach Baru rzece,<\/li>\n\n\n\n<li>\u0142owienia ryb w granicach i na terenie Portu W\u0119glowego<\/li>\n\n\n\n<li>wnoszenia oraz posiadania ostrych narz\u0119dzi, broni, materia\u0142\u00f3w wybuchowych, wyrob\u00f3w pirotechnicznych np.: petard, zimnych ogni, rac, pochodni itp., materia\u0142\u00f3w po\u017carowo niebezpiecznych, przedmiot\u00f3w mog\u0105cych zagrozi\u0107 \u017cyciu lub zdrowiu ludzkiemu<\/li>\n\n\n\n<li>wnoszenia oraz spo\u017cywania w\u0142asnych napoj\u00f3w oraz jedzenia<\/li>\n\n\n\n<li>wnoszenia i wynoszenia oraz spo\u017cywania alkoholu<\/li>\n\n\n\n<li>za\u015bmiecania terenu,<\/li>\n\n\n\n<li>dewastowania urz\u0105dze\u0144 rekreacyjnych oraz element\u00f3w wyposa\u017cenia terenu,<\/li>\n\n\n\n<li>wykorzystywania sprz\u0119tu i urz\u0105dze\u0144 rekreacyjnych niezgodnie z ich przeznaczeniem,<\/li>\n\n\n\n<li>zak\u0142\u00f3cania spokoju i porz\u0105dku publicznego,<\/li>\n\n\n\n<li>palenia ognisk oraz rozpalanie grilla w miejscach do tego nieprzeznaczonych<\/li>\n\n\n\n<li>wst\u0119pu os\u00f3b nietrze\u017awych, b\u0119d\u0105cych pod wp\u0142ywem alkoholu lub \u015brodk\u00f3w odurzaj\u0105cych albo jakichkolwiek substancji psychoaktywnych,<\/li>\n\n\n\n<li>wynoszenia le\u017cak\u00f3w poza teren Beach Baru<\/li>\n\n\n\n<li>niszczenia i uszkadzania ro\u015blinno\u015bci.<br>Za stan techniczny urz\u0105dze\u0144 na terenie rekreacyjnym odpowiada Administrator.<br>Teren Beach Baru jest na bie\u017c\u0105co monitorowany.<br>Osoby przebywaj\u0105ce na terenie Beach Baru zobowi\u0105zane s\u0105 do niezw\u0142ocznego informowania pracownik\u00f3w o zauwa\u017conym po\u017carze, zagro\u017ceniu \u017cycia, zdrowia ludzkiego, mienia lub innych nieprawid\u0142owo\u015bciach. W przypadku zaistnienia tego rodzaju zagro\u017ce\u0144 Administrator mo\u017ce wprowadza\u0107 inne zakazy ni\u017c wskazane w ust. 8 o charakterze dora\u017anym lub sta\u0142ym.<br>Osoby korzystaj\u0105ce z Beach Baru zobowi\u0105zane s\u0105 do podporz\u0105dkowania si\u0119 do polece\u0144 pracownik\u00f3w obs\u0142ugi Beach Baru. Administrator mo\u017ce kontrolowa\u0107 obiekt, a w razie stwierdzenia uchybie\u0144 zakaza\u0107 dalszego korzystania<br>z obiektu.<br>Osoby, kt\u00f3rych dzia\u0142anie spowodowa\u0142o zniszczenie lub uszkodzenie wyposa\u017cenia lub sprz\u0119tu ponosz\u0105 pe\u0142n\u0105 odpowiedzialno\u015b\u0107 materialn\u0105 za szkody. W przypadku os\u00f3b niepe\u0142noletnich odpowiedzialno\u015b\u0107 tak\u0105 ponosz\u0105 rodzice lub opiekunowie prawni.<br>Administrator nie ponosi odpowiedzialno\u015bci za rzeczy pozostawione na terenie Beach Baru.<br>Na terenie Beach Baru obowi\u0105zuje zasada zwrotnych opakowa\u0144 szklanych.<br>Na terenie Beach Baru mo\u017cna przebywa\u0107 ze zwierz\u0119tami. Psy powinny by\u0107 trzymane na smyczy oraz by\u0107 pod sta\u0142\u0105 kontrol\u0105 w\u0142a\u015bciciela. W\u0142a\u015bciciele zwierz\u0105t s\u0105 zobligowani do sprz\u0105tania po swoich czworonogach.<\/li>\n<\/ul>\n\n\n\n<p>Telefony alarmowe:<br>Pogotowie ratunkowe: 999<br>Stra\u017c po\u017carna: 998<br>Policja: 997<br>Pomoc z tel. kom\u00f3rkowego: 112<\/p>\n\n\n\n<p><\/p>\n","protected":false},"excerpt":{"rendered":"<p>Regulamin ObiektuBeach Bar \u201ePort W\u0119glowy\u201d Teren Beach Bar Port W\u0119glowy, zwany dalej \u201eBeach Barem\u201d jest w\u0142asno\u015bci\u0105 miasta Wroc\u0142aw zarz\u0105dzanym przez Wroc\u0142awski Park Wodny SA z siedzib\u0105 przy ul. Borowskiej 99 zwany dalej \u201eAdministratorem\u201d.Wst\u0119p na teren obiektu oznacza, \u017ce u\u017cytkownik zapozna\u0142 si\u0119 z regulaminemi zobowi\u0105zuje si\u0119 do przestrzegania tego regulaminu oraz wszelkich innych regulamin\u00f3w, opis\u00f3w stanowisk, [&hellip;]<\/p>\n","protected":false},"author":1,"featured_media":0,"parent":0,"menu_order":0,"comment_status":"closed","ping_status":"closed","template":"","meta":{"footnotes":""},"class_list":["post-875","page","type-page","status-publish","hentry"],"_links":{"self":[{"href":"https:\/\/portweglowy.wroc.pl\/index.php\/wp-json\/wp\/v2\/pages\/875","targetHints":{"allow":["GET"]}}],"collection":[{"href":"https:\/\/portweglowy.wroc.pl\/index.php\/wp-json\/wp\/v2\/pages"}],"about":[{"href":"https:\/\/portweglowy.wroc.pl\/index.php\/wp-json\/wp\/v2\/types\/page"}],"author":[{"embeddable":true,"href":"https:\/\/portweglowy.wroc.pl\/index.php\/wp-json\/wp\/v2\/users\/1"}],"replies":[{"embeddable":true,"href":"https:\/\/portweglowy.wroc.pl\/index.php\/wp-json\/wp\/v2\/comments?post=875"}],"version-history":[{"count":3,"href":"https:\/\/portweglowy.wroc.pl\/index.php\/wp-json\/wp\/v2\/pages\/875\/revisions"}],"predecessor-version":[{"id":887,"href":"https:\/\/portweglowy.wroc.pl\/index.php\/wp-json\/wp\/v2\/pages\/875\/revisions\/887"}],"wp:attachment":[{"href":"https:\/\/portweglowy.wroc.pl\/index.php\/wp-json\/wp\/v2\/media?parent=875"}],"curies":[{"name":"wp","href":"https:\/\/api.w.org\/{rel}","templated":true}]}}